{"id":863,"date":"2023-09-06T18:15:07","date_gmt":"2023-09-06T16:15:07","guid":{"rendered":"https:\/\/bepacks.it\/?page_id=863"},"modified":"2023-11-02T14:47:48","modified_gmt":"2023-11-02T12:47:48","slug":"privacy-policy","status":"publish","type":"page","link":"https:\/\/bepacks.it\/es\/privacy-policy\/","title":{"rendered":"Privacy Policy"},"content":{"rendered":"\t\t<div data-elementor-type=\"wp-page\" data-elementor-id=\"863\" class=\"elementor elementor-863\" data-elementor-post-type=\"page\">\n\t\t\t\t\t\t\t\t\t<section class=\"elementor-section elementor-top-section elementor-element elementor-element-3d284df elementor-section-boxed elementor-section-height-default elementor-section-height-default\" data-id=\"3d284df\" data-element_type=\"section\">\n\t\t\t\t\t\t<div class=\"elementor-container elementor-column-gap-default\">\n\t\t\t\t\t<div class=\"elementor-column elementor-col-100 elementor-top-column elementor-element elementor-element-1eaa3c8\" data-id=\"1eaa3c8\" data-element_type=\"column\">\n\t\t\t<div class=\"elementor-widget-wrap elementor-element-populated\">\n\t\t\t\t\t\t\t\t<div class=\"elementor-element elementor-element-a49afcd elementor-widget elementor-widget-html\" data-id=\"a49afcd\" data-element_type=\"widget\" data-widget_type=\"html.default\">\n\t\t\t\t<div class=\"elementor-widget-container\">\n\t\t\t<h1 class=\"privacy-policy-h1\">Pol\u00edtica de Privacidad<\/h1>\n<br><p><span>\u00daltima actualizaci\u00f3n el 6 de septiembre de 2023<\/span>\n<\/p>\n<p class=\"pol\u00edtica-de-privacidad-p\">\nEsta Pol\u00edtica de Privacidad describe las pol\u00edticas de BEPACKS S.R.L., Via Mazzini 1A - Castel San Giovanni, Piacenza 29015, Italia, correo electr\u00f3nico: info@bepacks.it, tel\u00e9fono: +39340 8500765 sobre la recopilaci\u00f3n, uso y divulgaci\u00f3n de la informaci\u00f3n que recopilamos cuando utiliza nuestro sitio web (https:\/\/bepacks.it). (el servicio\"). Al acceder o utilizar el Servicio, usted acepta la recopilaci\u00f3n, el uso y la divulgaci\u00f3n de su informaci\u00f3n de acuerdo con esta Pol\u00edtica de Privacidad. Si no acepta lo mismo, no acceda ni utilice el Servicio.\n<\/p>\n<p class=\"pol\u00edtica-de-privacidad-p\">\nPodemos modificar esta Pol\u00edtica de Privacidad en cualquier momento sin previo aviso y publicaremos la Pol\u00edtica de Privacidad revisada en el Servicio. La Pol\u00edtica revisada entrar\u00e1 en vigencia 180 d\u00edas a partir de la fecha en que se publique en el Servicio y su acceso o uso continuo del Servicio despu\u00e9s de ese tiempo constituir\u00e1 su aceptaci\u00f3n de la Pol\u00edtica de privacidad revisada. Por ello le recomendamos que revise peri\u00f3dicamente esta p\u00e1gina.\n<\/p>\n<ol class=\"pol\u00edtica-de-privacidad-ol\">\n<li>\n<h2 class=\"pol\u00edtica-de-privacidad-h2\">\nInformaci\u00f3n que recopilamos:\n<\/h2>\n<p class=\"pol\u00edtica-de-privacidad-p\">\nRecopilaremos y procesaremos la siguiente informaci\u00f3n personal sobre usted:\n<\/p>\n<ol class=\"pol\u00edtica-de-privacidad-ol\">\n<li>Nombre<\/li>\n<li>Correo electr\u00f3nico<\/li>\n<li>Nombre de la empresa<\/li>\n<\/ol>\n<\/li>\n<li>\n<h2 class=\"pol\u00edtica-de-privacidad-h2\">\nC\u00f3mo utilizamos su informaci\u00f3n:\n<\/h2>\n<p class=\"pol\u00edtica-de-privacidad-p\">\nUtilizaremos la informaci\u00f3n que recopilamos sobre usted para los siguientes fines:\n<\/p>\n<ol class=\"pol\u00edtica-de-privacidad-ol\">\n<li>Marketing\/Promocional<\/li>\n<\/ol>\n<p class=\"pol\u00edtica-de-privacidad-p\">\nSi queremos utilizar su informaci\u00f3n para cualquier otro prop\u00f3sito, le pediremos su consentimiento y usaremos su informaci\u00f3n solo al recibir su consentimiento y luego, solo para los fines para los cuales otorgamos el consentimiento, a menos que estemos obligados a hacer lo contrario por ley.\n<\/p>\n<\/li>\n<li>\n<h2 class=\"pol\u00edtica-de-privacidad-h2\">\nRetenci\u00f3n de su informaci\u00f3n:\n<\/h2>\n<p class=\"pol\u00edtica-de-privacidad-p\">\nConservaremos su informaci\u00f3n personal con nosotros durante 90 d\u00edas a 2 a\u00f1os despu\u00e9s de que las cuentas de usuario permanezcan inactivas o durante el tiempo que la necesitemos para cumplir con los fines para los cuales fue recopilada, como se detalla en esta Pol\u00edtica de Privacidad. Es posible que necesitemos conservar cierta informaci\u00f3n durante per\u00edodos m\u00e1s largos, como mantenimiento de registros\/informes de acuerdo con la ley aplicable o por otras razones leg\u00edtimas como el cumplimiento de derechos legales, prevenci\u00f3n de fraude, etc. Informaci\u00f3n an\u00f3nima residual e informaci\u00f3n agregada, ninguna de las cuales lo identifica. (directa o indirectamente), pueden almacenarse indefinidamente.\n<\/p>\n<\/li>\n<li>\n<h2 class=\"pol\u00edtica-de-privacidad-h2\">\nTus derechos:\n<\/h2>\n<p class=\"pol\u00edtica-de-privacidad-p\">\nDependiendo de la ley que se aplique, puede tener derecho a acceder y rectificar o borrar sus datos personales o recibir una copia de sus datos personales, restringir u oponerse al procesamiento activo de sus datos, solicitarnos que compartamos (portemos) sus datos personales. informaci\u00f3n a otra entidad, retirar cualquier consentimiento que nos haya brindado para procesar sus datos, el derecho a presentar una queja ante una autoridad legal y otros derechos que puedan ser relevantes seg\u00fan las leyes aplicables. Para ejercer estos derechos, puede escribirnos a info@bepacks.it. Responderemos a su solicitud de acuerdo con la ley aplicable.\n<\/p>\n<p class=\"pol\u00edtica-de-privacidad-p\">\nTenga en cuenta que si no nos permite recopilar o procesar la informaci\u00f3n personal requerida o retirar el consentimiento para procesarla para los fines requeridos, es posible que no pueda acceder ni utilizar los servicios para los cuales se busc\u00f3 su informaci\u00f3n.\n<\/p>\n<\/li>\n<li>\n<h2 class=\"pol\u00edtica-de-privacidad-h2\">\nGalletas, etc.\n<\/h2>\n<p class=\"pol\u00edtica-de-privacidad-p\">\nPara obtener m\u00e1s informaci\u00f3n sobre c\u00f3mo las utilizamos y sus opciones en relaci\u00f3n con estas tecnolog\u00edas de seguimiento, consulte nuestra <a href=\"https:\/\/bepacks.it\/es\/cookie-policy\/\">Pol\u00edtica de cookies<\/a>.\n<\/p>\n<\/li>\n<li>\n<h2 class=\"pol\u00edtica-de-privacidad-h2\">\nSeguridad:\n<\/h2>\n<p class=\"pol\u00edtica-de-privacidad-p\">\nLa seguridad de su informaci\u00f3n es importante para nosotros y utilizaremos medidas de seguridad razonables para evitar la p\u00e9rdida, el uso indebido o la alteraci\u00f3n no autorizada de su informaci\u00f3n bajo nuestro control. Sin embargo, dados los riesgos inherentes, no podemos garantizar una seguridad absoluta y, en consecuencia, no podemos asegurar ni garantizar la seguridad de la informaci\u00f3n que usted nos transmite y lo hace bajo su propio riesgo.\n<\/p>\n<\/li>\n<li>\n<h2 class=\"pol\u00edtica-de-privacidad-h2\">\nDelegado de Quejas\/Protecci\u00f3n de Datos:\n<\/h2>\n<p class=\"pol\u00edtica-de-privacidad-p\">\nSi tiene alguna consulta o inquietud sobre el procesamiento de su informaci\u00f3n que est\u00e1 disponible con nosotros, puede enviar un correo electr\u00f3nico a nuestro Oficial de quejas en BEPACKS S.R.L., Via Mazzini 1A - Castel San Giovanni, correo electr\u00f3nico: info@bepacks.it.\nAtenderemos sus inquietudes de acuerdo con la ley aplicable.\n         <\/p>\n     <\/li>\n<\/ol>\t\t<\/div>\n\t\t\t\t<\/div>\n\t\t\t\t\t<\/div>\n\t\t<\/div>\n\t\t\t\t\t\t\t<\/div>\n\t\t<\/section>\n\t\t\t\t\t\t\t<\/div>\n\t\t","protected":false},"excerpt":{"rendered":"<p>Pol\u00edtica de Privacidad \u00daltima actualizaci\u00f3n el 6 de septiembre de 2023 Esta Pol\u00edtica de Privacidad describe las pol\u00edticas de BEPACKS S.R.L., Via Mazzini 1A &#8211; Castel San Giovanni, Piacenza 29015, Italia, correo electr\u00f3nico: info@bepacks.it, tel\u00e9fono: +39340 8500765 sobre la recopilaci\u00f3n, uso y divulgaci\u00f3n de la informaci\u00f3n que recopilamos cuando utiliza nuestro sitio web (https:\/\/bepacks.it). (el [&hellip;]<\/p>\n","protected":false},"author":1,"featured_media":0,"parent":0,"menu_order":0,"comment_status":"closed","ping_status":"closed","template":"elementor_header_footer","meta":{"footnotes":""},"class_list":["post-863","page","type-page","status-publish","hentry"],"_links":{"self":[{"href":"https:\/\/bepacks.it\/es\/wp-json\/wp\/v2\/pages\/863","targetHints":{"allow":["GET"]}}],"collection":[{"href":"https:\/\/bepacks.it\/es\/wp-json\/wp\/v2\/pages"}],"about":[{"href":"https:\/\/bepacks.it\/es\/wp-json\/wp\/v2\/types\/page"}],"author":[{"embeddable":true,"href":"https:\/\/bepacks.it\/es\/wp-json\/wp\/v2\/users\/1"}],"replies":[{"embeddable":true,"href":"https:\/\/bepacks.it\/es\/wp-json\/wp\/v2\/comments?post=863"}],"version-history":[{"count":19,"href":"https:\/\/bepacks.it\/es\/wp-json\/wp\/v2\/pages\/863\/revisions"}],"predecessor-version":[{"id":987,"href":"https:\/\/bepacks.it\/es\/wp-json\/wp\/v2\/pages\/863\/revisions\/987"}],"wp:attachment":[{"href":"https:\/\/bepacks.it\/es\/wp-json\/wp\/v2\/media?parent=863"}],"curies":[{"name":"wp","href":"https:\/\/api.w.org\/{rel}","templated":true}]}}